{"id":30,"date":"2015-12-15T01:34:24","date_gmt":"2015-12-15T01:34:24","guid":{"rendered":"http:\/\/www.fafetur.com\/viagens\/?page_id=30"},"modified":"2015-12-21T09:28:40","modified_gmt":"2015-12-21T09:28:40","slug":"empresa","status":"publish","type":"page","link":"https:\/\/www.fafetur.com\/index.php\/empresa\/","title":{"rendered":"EMPRESA"},"content":{"rendered":"<div class=\"space-sep20\"><\/div>\n<h4 style=\"text-align: center;\">FAFETUR CONTA COM MAIS DE 35 ANOS DE EXPERI\u00caNCIA<\/h4>\n<div class=\"space-sep20\"><\/div>\n<div style=\"width: 100%; overflow: hidden;\">\n<div style=\"width: 70%; float: left;\">\n<p>A Fafetur sediada em Fafe h\u00e1 35 anos e com experi\u00eancia na actividade do turismo h\u00e1 mais de 40 anos, tanto no mercado nacional quanto internacional.<br \/>\nA nossa experi\u00eancia vai para al\u00e9m das vendas, pois contamos com t\u00e9cnicos experientes que podem ajud\u00e1-lo a escolher as melhores op\u00e7\u00f5es em termos de viagens de neg\u00f3cios ou de lazer.<br \/>\nConhecemos a maioria dos produtos e \/ou roteiros que vendemos, por isso estamos aptos a aconselh\u00e1-lo da forma mais sensata sem preju\u00edzo do seu conforto e proveito das suas viagens.<br \/>\n\u00c9 por isso, e porque sabemos que o sua pr\u00f3xima viagem \u00e9 sempre a mais importante, que esperamos poder colaborar consigo e ajud\u00e1-lo a plane\u00e1-la com nossos conhecimentos.<\/p>\n<p>Visite a nossa loja online e obtenha os melhores pre\u00e7os garantindo hoje mesmo a sua viagem.<\/p>\n<p>Viajar com a Fafetur \u00e9 um prazer&#8230;<br \/>\nTorne o prazer de viajar ainda maior, viajando sempre com a Fafetur Viagens e Turismo.<\/p>\n<\/div>\n<div style=\"margin-left: 75%;\"><a href=\"https:\/\/i0.wp.com\/www.fafetur.com\/wp-content\/uploads\/2015\/12\/sede.jpg?ssl=1\" rel=\"attachment wp-att-114\"><img data-recalc-dims=\"1\" loading=\"lazy\" decoding=\"async\" data-attachment-id=\"114\" data-permalink=\"https:\/\/www.fafetur.com\/index.php\/empresa\/print\/\" data-orig-file=\"https:\/\/i0.wp.com\/www.fafetur.com\/wp-content\/uploads\/2015\/12\/sede.jpg?fit=320%2C216&amp;ssl=1\" data-orig-size=\"320,216\" data-comments-opened=\"1\" data-image-meta=\"{&quot;aperture&quot;:&quot;0&quot;,&quot;credit&quot;:&quot;&quot;,&quot;camera&quot;:&quot;&quot;,&quot;caption&quot;:&quot;&quot;,&quot;created_timestamp&quot;:&quot;0&quot;,&quot;copyright&quot;:&quot;&quot;,&quot;focal_length&quot;:&quot;0&quot;,&quot;iso&quot;:&quot;0&quot;,&quot;shutter_speed&quot;:&quot;0&quot;,&quot;title&quot;:&quot;Print&quot;,&quot;orientation&quot;:&quot;1&quot;}\" data-image-title=\"Sede Fafe\" data-image-description=\"\" data-image-caption=\"\" data-large-file=\"https:\/\/i0.wp.com\/www.fafetur.com\/wp-content\/uploads\/2015\/12\/sede.jpg?fit=320%2C216&amp;ssl=1\" class=\"aligncenter size-full wp-image-114\" src=\"https:\/\/i0.wp.com\/www.fafetur.com\/wp-content\/uploads\/2015\/12\/sede.jpg?resize=320%2C216&#038;ssl=1\" alt=\"Sede Fafe\" width=\"320\" height=\"216\" srcset=\"https:\/\/i0.wp.com\/www.fafetur.com\/wp-content\/uploads\/2015\/12\/sede.jpg?w=320&amp;ssl=1 320w, https:\/\/i0.wp.com\/www.fafetur.com\/wp-content\/uploads\/2015\/12\/sede.jpg?resize=300%2C203&amp;ssl=1 300w\" sizes=\"auto, (max-width: 320px) 100vw, 320px\" \/><\/a><\/div>\n<div class=\"space-sep20\"><\/div>\n<div style=\"width: 20%; float: left;\"><\/div>\n<div style=\"margin-left: 20%; margin-right: 20%;\">\n<h4 style=\"text-align: center;\">EQUIPA<\/h4>\n<p style=\"text-align: center;\">A Fafetur conta com uma vasta equipa de profissionais experientes.<br \/>\nConhecemos a maioria dos produtos e\/ou roteiros que vendemos, por isso estamos aptos a aconselh\u00e1-lo da forma mais sensata sem preju\u00edzo do seu conforto e proveito das suas viagens.<\/p>\n<div class=\"space-sep20\"><\/div>\n<div style=\"text-align: center;\"><a href=\"https:\/\/i0.wp.com\/www.fafetur.com\/wp-content\/uploads\/2015\/12\/amanuel.jpg?ssl=1\" rel=\"attachment wp-att-121\"><img data-recalc-dims=\"1\" loading=\"lazy\" decoding=\"async\" data-attachment-id=\"121\" data-permalink=\"https:\/\/www.fafetur.com\/index.php\/empresa\/print-2\/\" data-orig-file=\"https:\/\/i0.wp.com\/www.fafetur.com\/wp-content\/uploads\/2015\/12\/amanuel.jpg?fit=220%2C153&amp;ssl=1\" data-orig-size=\"220,153\" data-comments-opened=\"1\" data-image-meta=\"{&quot;aperture&quot;:&quot;0&quot;,&quot;credit&quot;:&quot;&quot;,&quot;camera&quot;:&quot;&quot;,&quot;caption&quot;:&quot;&quot;,&quot;created_timestamp&quot;:&quot;0&quot;,&quot;copyright&quot;:&quot;&quot;,&quot;focal_length&quot;:&quot;0&quot;,&quot;iso&quot;:&quot;0&quot;,&quot;shutter_speed&quot;:&quot;0&quot;,&quot;title&quot;:&quot;Print&quot;,&quot;orientation&quot;:&quot;1&quot;}\" data-image-title=\"Director Geral\" data-image-description=\"\" data-image-caption=\"\" data-large-file=\"https:\/\/i0.wp.com\/www.fafetur.com\/wp-content\/uploads\/2015\/12\/amanuel.jpg?fit=220%2C153&amp;ssl=1\" class=\"size-full wp-image-121 aligncenter\" src=\"https:\/\/i0.wp.com\/www.fafetur.com\/wp-content\/uploads\/2015\/12\/amanuel.jpg?resize=220%2C153&#038;ssl=1\" alt=\"Director Geral\" width=\"220\" height=\"153\" \/><\/a><\/div>\n<p style=\"text-align: center;\">ANT\u00d3NIO MANUEL L. COSTA<br \/>\n(Director Geral)<\/p>\n<\/div>\n<div style=\"width: 20%; float: right;\"><\/div>\n<\/div>\n","protected":false},"excerpt":{"rendered":"<p>FAFETUR CONTA COM MAIS DE 35 ANOS DE EXPERI\u00caNCIA A Fafetur sediada em Fafe h\u00e1 35 anos e com experi\u00eancia na actividade do turismo h\u00e1 mais de 40 anos, tanto no mercado nacional quanto internacional. A nossa experi\u00eancia vai para al\u00e9m das vendas, pois contamos com t\u00e9cnicos experientes que podem ajud\u00e1-lo a escolher as melhores [&hellip;]<\/p>\n","protected":false},"author":1,"featured_media":0,"parent":0,"menu_order":0,"comment_status":"closed","ping_status":"closed","template":"page-fullwidth.php","meta":{"_exactmetrics_skip_tracking":false,"_exactmetrics_sitenote_active":false,"_exactmetrics_sitenote_note":"","_exactmetrics_sitenote_category":0,"jetpack_post_was_ever_published":false,"footnotes":""},"class_list":["post-30","page","type-page","status-publish","hentry"],"yoast_head":"<!-- This site is optimized with the Yoast SEO plugin v27.5 - https:\/\/yoast.com\/product\/yoast-seo-wordpress\/ -->\n<title>EMPRESA - Fafetur<\/title>\n<meta name=\"description\" content=\"A Fafetur conta com mais de 35 anos de experi\u00eancia na actividade do turismo, tanto no mercado nacional quanto internacional.\" \/>\n<meta name=\"robots\" content=\"index, follow, max-snippet:-1, max-image-preview:large, max-video-preview:-1\" \/>\n<link rel=\"canonical\" href=\"https:\/\/www.fafetur.com\/index.php\/empresa\/\" \/>\n<meta property=\"og:locale\" content=\"pt_PT\" \/>\n<meta property=\"og:type\" content=\"article\" \/>\n<meta property=\"og:title\" content=\"EMPRESA - Fafetur\" \/>\n<meta property=\"og:description\" content=\"A Fafetur conta com mais de 35 anos de experi\u00eancia na actividade do turismo, tanto no mercado nacional quanto internacional.\" \/>\n<meta property=\"og:url\" content=\"https:\/\/www.fafetur.com\/index.php\/empresa\/\" \/>\n<meta property=\"og:site_name\" content=\"Fafetur\" \/>\n<meta property=\"article:publisher\" content=\"https:\/\/www.facebook.com\/Fafetur-558775450838465\/\" \/>\n<meta property=\"article:modified_time\" content=\"2015-12-21T09:28:40+00:00\" \/>\n<meta property=\"og:image\" content=\"https:\/\/www.fafetur.com\/wp-content\/uploads\/2015\/12\/sede.jpg\" \/>\n<meta name=\"twitter:card\" content=\"summary_large_image\" \/>\n<meta name=\"twitter:site\" content=\"@fafetur\" \/>\n<meta name=\"twitter:label1\" content=\"Tempo estimado de leitura\" \/>\n\t<meta name=\"twitter:data1\" content=\"1 minuto\" \/>\n<script type=\"application\/ld+json\" class=\"yoast-schema-graph\">{\"@context\":\"https:\\\/\\\/schema.org\",\"@graph\":[{\"@type\":\"WebPage\",\"@id\":\"https:\\\/\\\/www.fafetur.com\\\/index.php\\\/empresa\\\/\",\"url\":\"https:\\\/\\\/www.fafetur.com\\\/index.php\\\/empresa\\\/\",\"name\":\"EMPRESA - Fafetur\",\"isPartOf\":{\"@id\":\"https:\\\/\\\/www.fafetur.com\\\/#website\"},\"primaryImageOfPage\":{\"@id\":\"https:\\\/\\\/www.fafetur.com\\\/index.php\\\/empresa\\\/#primaryimage\"},\"image\":{\"@id\":\"https:\\\/\\\/www.fafetur.com\\\/index.php\\\/empresa\\\/#primaryimage\"},\"thumbnailUrl\":\"https:\\\/\\\/www.fafetur.com\\\/wp-content\\\/uploads\\\/2015\\\/12\\\/sede.jpg\",\"datePublished\":\"2015-12-15T01:34:24+00:00\",\"dateModified\":\"2015-12-21T09:28:40+00:00\",\"description\":\"A Fafetur conta com mais de 35 anos de experi\u00eancia na actividade do turismo, tanto no mercado nacional quanto internacional.\",\"breadcrumb\":{\"@id\":\"https:\\\/\\\/www.fafetur.com\\\/index.php\\\/empresa\\\/#breadcrumb\"},\"inLanguage\":\"pt-PT\",\"potentialAction\":[{\"@type\":\"ReadAction\",\"target\":[\"https:\\\/\\\/www.fafetur.com\\\/index.php\\\/empresa\\\/\"]}]},{\"@type\":\"ImageObject\",\"inLanguage\":\"pt-PT\",\"@id\":\"https:\\\/\\\/www.fafetur.com\\\/index.php\\\/empresa\\\/#primaryimage\",\"url\":\"https:\\\/\\\/i0.wp.com\\\/www.fafetur.com\\\/wp-content\\\/uploads\\\/2015\\\/12\\\/sede.jpg?fit=320%2C216&ssl=1\",\"contentUrl\":\"https:\\\/\\\/i0.wp.com\\\/www.fafetur.com\\\/wp-content\\\/uploads\\\/2015\\\/12\\\/sede.jpg?fit=320%2C216&ssl=1\",\"width\":320,\"height\":216},{\"@type\":\"BreadcrumbList\",\"@id\":\"https:\\\/\\\/www.fafetur.com\\\/index.php\\\/empresa\\\/#breadcrumb\",\"itemListElement\":[{\"@type\":\"ListItem\",\"position\":1,\"name\":\"Home\",\"item\":\"https:\\\/\\\/www.fafetur.com\\\/\"},{\"@type\":\"ListItem\",\"position\":2,\"name\":\"EMPRESA\"}]},{\"@type\":\"WebSite\",\"@id\":\"https:\\\/\\\/www.fafetur.com\\\/#website\",\"url\":\"https:\\\/\\\/www.fafetur.com\\\/\",\"name\":\"Fafetur\",\"description\":\"Ag\u00eancia de Viagens\",\"potentialAction\":[{\"@type\":\"SearchAction\",\"target\":{\"@type\":\"EntryPoint\",\"urlTemplate\":\"https:\\\/\\\/www.fafetur.com\\\/?s={search_term_string}\"},\"query-input\":{\"@type\":\"PropertyValueSpecification\",\"valueRequired\":true,\"valueName\":\"search_term_string\"}}],\"inLanguage\":\"pt-PT\"}]}<\/script>\n<!-- \/ Yoast SEO plugin. -->","yoast_head_json":{"title":"EMPRESA - Fafetur","description":"A Fafetur conta com mais de 35 anos de experi\u00eancia na actividade do turismo, tanto no mercado nacional quanto internacional.","robots":{"index":"index","follow":"follow","max-snippet":"max-snippet:-1","max-image-preview":"max-image-preview:large","max-video-preview":"max-video-preview:-1"},"canonical":"https:\/\/www.fafetur.com\/index.php\/empresa\/","og_locale":"pt_PT","og_type":"article","og_title":"EMPRESA - Fafetur","og_description":"A Fafetur conta com mais de 35 anos de experi\u00eancia na actividade do turismo, tanto no mercado nacional quanto internacional.","og_url":"https:\/\/www.fafetur.com\/index.php\/empresa\/","og_site_name":"Fafetur","article_publisher":"https:\/\/www.facebook.com\/Fafetur-558775450838465\/","article_modified_time":"2015-12-21T09:28:40+00:00","og_image":[{"url":"https:\/\/www.fafetur.com\/wp-content\/uploads\/2015\/12\/sede.jpg","type":"","width":"","height":""}],"twitter_card":"summary_large_image","twitter_site":"@fafetur","twitter_misc":{"Tempo estimado de leitura":"1 minuto"},"schema":{"@context":"https:\/\/schema.org","@graph":[{"@type":"WebPage","@id":"https:\/\/www.fafetur.com\/index.php\/empresa\/","url":"https:\/\/www.fafetur.com\/index.php\/empresa\/","name":"EMPRESA - Fafetur","isPartOf":{"@id":"https:\/\/www.fafetur.com\/#website"},"primaryImageOfPage":{"@id":"https:\/\/www.fafetur.com\/index.php\/empresa\/#primaryimage"},"image":{"@id":"https:\/\/www.fafetur.com\/index.php\/empresa\/#primaryimage"},"thumbnailUrl":"https:\/\/www.fafetur.com\/wp-content\/uploads\/2015\/12\/sede.jpg","datePublished":"2015-12-15T01:34:24+00:00","dateModified":"2015-12-21T09:28:40+00:00","description":"A Fafetur conta com mais de 35 anos de experi\u00eancia na actividade do turismo, tanto no mercado nacional quanto internacional.","breadcrumb":{"@id":"https:\/\/www.fafetur.com\/index.php\/empresa\/#breadcrumb"},"inLanguage":"pt-PT","potentialAction":[{"@type":"ReadAction","target":["https:\/\/www.fafetur.com\/index.php\/empresa\/"]}]},{"@type":"ImageObject","inLanguage":"pt-PT","@id":"https:\/\/www.fafetur.com\/index.php\/empresa\/#primaryimage","url":"https:\/\/i0.wp.com\/www.fafetur.com\/wp-content\/uploads\/2015\/12\/sede.jpg?fit=320%2C216&ssl=1","contentUrl":"https:\/\/i0.wp.com\/www.fafetur.com\/wp-content\/uploads\/2015\/12\/sede.jpg?fit=320%2C216&ssl=1","width":320,"height":216},{"@type":"BreadcrumbList","@id":"https:\/\/www.fafetur.com\/index.php\/empresa\/#breadcrumb","itemListElement":[{"@type":"ListItem","position":1,"name":"Home","item":"https:\/\/www.fafetur.com\/"},{"@type":"ListItem","position":2,"name":"EMPRESA"}]},{"@type":"WebSite","@id":"https:\/\/www.fafetur.com\/#website","url":"https:\/\/www.fafetur.com\/","name":"Fafetur","description":"Ag\u00eancia de Viagens","potentialAction":[{"@type":"SearchAction","target":{"@type":"EntryPoint","urlTemplate":"https:\/\/www.fafetur.com\/?s={search_term_string}"},"query-input":{"@type":"PropertyValueSpecification","valueRequired":true,"valueName":"search_term_string"}}],"inLanguage":"pt-PT"}]}},"jetpack_sharing_enabled":true,"jetpack_shortlink":"https:\/\/wp.me\/P73kby-u","jetpack-related-posts":[],"_links":{"self":[{"href":"https:\/\/www.fafetur.com\/index.php\/wp-json\/wp\/v2\/pages\/30","targetHints":{"allow":["GET"]}}],"collection":[{"href":"https:\/\/www.fafetur.com\/index.php\/wp-json\/wp\/v2\/pages"}],"about":[{"href":"https:\/\/www.fafetur.com\/index.php\/wp-json\/wp\/v2\/types\/page"}],"author":[{"embeddable":true,"href":"https:\/\/www.fafetur.com\/index.php\/wp-json\/wp\/v2\/users\/1"}],"replies":[{"embeddable":true,"href":"https:\/\/www.fafetur.com\/index.php\/wp-json\/wp\/v2\/comments?post=30"}],"version-history":[{"count":27,"href":"https:\/\/www.fafetur.com\/index.php\/wp-json\/wp\/v2\/pages\/30\/revisions"}],"predecessor-version":[{"id":187,"href":"https:\/\/www.fafetur.com\/index.php\/wp-json\/wp\/v2\/pages\/30\/revisions\/187"}],"wp:attachment":[{"href":"https:\/\/www.fafetur.com\/index.php\/wp-json\/wp\/v2\/media?parent=30"}],"curies":[{"name":"wp","href":"https:\/\/api.w.org\/{rel}","templated":true}]}}